{"id":493,"date":"2021-08-04T17:00:18","date_gmt":"2021-08-04T17:00:18","guid":{"rendered":"http:\/\/grecia.pe\/?page_id=493"},"modified":"2021-08-10T14:53:11","modified_gmt":"2021-08-10T14:53:11","slug":"blefaroplastia-superior","status":"publish","type":"page","link":"https:\/\/ivanpareja.net\/en\/ciguria-facial\/blefaroplastia-superior\/","title":{"rendered":"Upper Blepharoplasty"},"content":{"rendered":"<div data-elementor-type=\"wp-page\" data-elementor-id=\"493\" class=\"elementor elementor-493\" data-elementor-settings=\"[]\">\n\t\t\t\t\t\t\t<div class=\"elementor-section-wrap\">\n\t\t\t\t\t\t\t<section class=\"elementor-section elementor-top-section elementor-element elementor-element-796aa07 elementor-section-boxed elementor-section-height-default elementor-section-height-default\" data-id=\"796aa07\" data-element_type=\"section\" data-settings=\"{&quot;background_background&quot;:&quot;classic&quot;}\">\n\t\t\t\t\t\t<div class=\"elementor-container elementor-column-gap-default\">\n\t\t\t\t\t<div class=\"elementor-column elementor-col-100 elementor-top-column elementor-element elementor-element-9b934d3\" data-id=\"9b934d3\" data-element_type=\"column\">\n\t\t\t<div class=\"elementor-widget-wrap elementor-element-populated\">\n\t\t\t\t\t\t\t\t<div class=\"elementor-element elementor-element-3194ba2 elementor-absolute elementor-widget__width-auto elementor-hidden-tablet elementor-hidden-phone elementor-widget elementor-widget-heading\" data-id=\"3194ba2\" data-element_type=\"widget\" data-settings=\"{&quot;_position&quot;:&quot;absolute&quot;}\" data-widget_type=\"heading.default\">\n\t\t\t\t<div class=\"elementor-widget-container\">\n\t\t\t<h2 class=\"elementor-heading-title elementor-size-default\">FACIAL SURGERY<\/h2>\t\t<\/div>\n\t\t\t\t<\/div>\n\t\t\t\t<div class=\"elementor-element elementor-element-9b6a46f elementor-widget elementor-widget-image\" data-id=\"9b6a46f\" data-element_type=\"widget\" data-widget_type=\"image.default\">\n\t\t\t\t<div class=\"elementor-widget-container\">\n\t\t\t\t\t\t\t\t\t\t\t\t\t\t\t<img decoding=\"async\" src=\"http:\/\/grecia.pe\/wp-content\/uploads\/2021\/08\/bg_2.jpg\" title=\"\" alt=\"\" \/>\t\t\t\t\t\t\t\t\t\t\t\t\t\t\t<\/div>\n\t\t\t\t<\/div>\n\t\t\t\t\t<\/div>\n\t\t<\/div>\n\t\t\t\t\t\t\t<\/div>\n\t\t<\/section>\n\t\t\t\t<section class=\"elementor-section elementor-top-section elementor-element elementor-element-7fcb7af elementor-section-boxed elementor-section-height-default elementor-section-height-default\" data-id=\"7fcb7af\" data-element_type=\"section\">\n\t\t\t\t\t\t<div class=\"elementor-container elementor-column-gap-default\">\n\t\t\t\t\t<div class=\"elementor-column elementor-col-50 elementor-top-column elementor-element elementor-element-04e2e0b\" data-id=\"04e2e0b\" data-element_type=\"column\">\n\t\t\t<div class=\"elementor-widget-wrap\">\n\t\t\t\t\t\t\t\t\t<\/div>\n\t\t<\/div>\n\t\t\t\t<div class=\"elementor-column elementor-col-50 elementor-top-column elementor-element elementor-element-3f61828\" data-id=\"3f61828\" data-element_type=\"column\" data-settings=\"{&quot;background_background&quot;:&quot;classic&quot;}\">\n\t\t\t<div class=\"elementor-widget-wrap elementor-element-populated\">\n\t\t\t\t\t\t\t\t<div class=\"elementor-element elementor-element-3ed1220 elementor-widget elementor-widget-heading\" data-id=\"3ed1220\" data-element_type=\"widget\" data-widget_type=\"heading.default\">\n\t\t\t\t<div class=\"elementor-widget-container\">\n\t\t\t<h2 class=\"elementor-heading-title elementor-size-default\">Upper Blepharoplasty<\/h2>\t\t<\/div>\n\t\t\t\t<\/div>\n\t\t\t\t\t<\/div>\n\t\t<\/div>\n\t\t\t\t\t\t\t<\/div>\n\t\t<\/section>\n\t\t\t\t<section class=\"elementor-section elementor-top-section elementor-element elementor-element-e16029c elementor-section-boxed elementor-section-height-default elementor-section-height-default\" data-id=\"e16029c\" data-element_type=\"section\">\n\t\t\t\t\t\t<div class=\"elementor-container elementor-column-gap-default\">\n\t\t\t\t\t<div class=\"elementor-column elementor-col-50 elementor-top-column elementor-element elementor-element-1b997f8\" data-id=\"1b997f8\" data-element_type=\"column\">\n\t\t\t<div class=\"elementor-widget-wrap elementor-element-populated\">\n\t\t\t\t\t\t\t\t<div class=\"elementor-element elementor-element-5b99056 elementor-icon-list--layout-traditional elementor-list-item-link-full_width elementor-widget elementor-widget-global elementor-global-805 elementor-widget-icon-list\" data-id=\"5b99056\" data-element_type=\"widget\" data-widget_type=\"icon-list.default\">\n\t\t\t\t<div class=\"elementor-widget-container\">\n\t\t\t\t\t<ul class=\"elementor-icon-list-items\">\n\t\t\t\t\t\t\t<li class=\"elementor-icon-list-item\">\n\t\t\t\t\t<a href=\"https:\/\/ivanpareja.net\/en\/ciguria-facial\/\">\t\t\t\t\t<span class=\"elementor-icon-list-text\">Rhytidectomy or facelift<\/span>\n\t\t\t\t\t\t\t\t\t\t\t<\/a>\n\t\t\t\t\t\t\t\t\t<\/li>\n\t\t\t\t\t\t\t\t<li class=\"elementor-icon-list-item\">\n\t\t\t\t\t<a href=\"https:\/\/ivanpareja.net\/en\/ciguria-facial\/frontal-endoscopic-surgery\/\">\t\t\t\t\t<span class=\"elementor-icon-list-text\">Cirug\u00eda Endosc\u00f3pica Frontal<\/span>\n\t\t\t\t\t\t\t\t\t\t\t<\/a>\n\t\t\t\t\t\t\t\t\t<\/li>\n\t\t\t\t\t\t\t\t<li class=\"elementor-icon-list-item\">\n\t\t\t\t\t<a href=\"https:\/\/ivanpareja.net\/en\/ciguria-facial\/blefaroplastia-superior\/\">\t\t\t\t\t<span class=\"elementor-icon-list-text\">Upper Blepharoplasty<\/span>\n\t\t\t\t\t\t\t\t\t\t\t<\/a>\n\t\t\t\t\t\t\t\t\t<\/li>\n\t\t\t\t\t\t\t\t<li class=\"elementor-icon-list-item\">\n\t\t\t\t\t<a href=\"https:\/\/ivanpareja.net\/en\/ciguria-facial\/blefaroplastia-inferior\/\">\t\t\t\t\t<span class=\"elementor-icon-list-text\">Lower Blepharoplasty<\/span>\n\t\t\t\t\t\t\t\t\t\t\t<\/a>\n\t\t\t\t\t\t\t\t\t<\/li>\n\t\t\t\t\t\t\t\t<li class=\"elementor-icon-list-item\">\n\t\t\t\t\t<a href=\"https:\/\/ivanpareja.net\/en\/ciguria-facial\/rinoplastia\/\">\t\t\t\t\t<span class=\"elementor-icon-list-text\">Rhinoplasty<\/span>\n\t\t\t\t\t\t\t\t\t\t\t<\/a>\n\t\t\t\t\t\t\t\t\t<\/li>\n\t\t\t\t\t\t\t\t<li class=\"elementor-icon-list-item\">\n\t\t\t\t\t<a href=\"https:\/\/ivanpareja.net\/en\/ciguria-facial\/exceresis-de-bolas-de-bichat\/\">\t\t\t\t\t<span class=\"elementor-icon-list-text\">Exceresis of Bichat Balls<\/span>\n\t\t\t\t\t\t\t\t\t\t\t<\/a>\n\t\t\t\t\t\t\t\t\t<\/li>\n\t\t\t\t\t\t\t\t<li class=\"elementor-icon-list-item\">\n\t\t\t\t\t<a href=\"https:\/\/ivanpareja.net\/en\/ciguria-facial\/otoplastia\/\">\t\t\t\t\t<span class=\"elementor-icon-list-text\">Otoplasty<\/span>\n\t\t\t\t\t\t\t\t\t\t\t<\/a>\n\t\t\t\t\t\t\t\t\t<\/li>\n\t\t\t\t\t\t\t\t<li class=\"elementor-icon-list-item\">\n\t\t\t\t\t<a href=\"https:\/\/ivanpareja.net\/en\/ciguria-facial\/liposuccion-del-marco-facial\/\">\t\t\t\t\t<span class=\"elementor-icon-list-text\">Facial Frame Liposuction<\/span>\n\t\t\t\t\t\t\t\t\t\t\t<\/a>\n\t\t\t\t\t\t\t\t\t<\/li>\n\t\t\t\t\t\t\t\t<li class=\"elementor-icon-list-item\">\n\t\t\t\t\t<a href=\"https:\/\/ivanpareja.net\/en\/ciguria-facial\/mentoplastia\/\">\t\t\t\t\t<span class=\"elementor-icon-list-text\">Mentonplastia<\/span>\n\t\t\t\t\t\t\t\t\t\t\t<\/a>\n\t\t\t\t\t\t\t\t\t<\/li>\n\t\t\t\t\t\t\t\t<li class=\"elementor-icon-list-item\">\n\t\t\t\t\t<a href=\"https:\/\/ivanpareja.net\/en\/ciguria-facial\/sonrisa-gingival\/\">\t\t\t\t\t<span class=\"elementor-icon-list-text\">Gingival smile<\/span>\n\t\t\t\t\t\t\t\t\t\t\t<\/a>\n\t\t\t\t\t\t\t\t\t<\/li>\n\t\t\t\t\t\t<\/ul>\n\t\t\t\t<\/div>\n\t\t\t\t<\/div>\n\t\t\t\t\t<\/div>\n\t\t<\/div>\n\t\t\t\t<div class=\"elementor-column elementor-col-50 elementor-top-column elementor-element elementor-element-f0061a1\" data-id=\"f0061a1\" data-element_type=\"column\">\n\t\t\t<div class=\"elementor-widget-wrap elementor-element-populated\">\n\t\t\t\t\t\t\t\t<div class=\"elementor-element elementor-element-bb43826 elementor-widget elementor-widget-text-editor\" data-id=\"bb43826\" data-element_type=\"widget\" data-widget_type=\"text-editor.default\">\n\t\t\t\t<div class=\"elementor-widget-container\">\n\t\t\t\t\t\t\t\t<p>The excess of skin originated because of the loss of elasticity of the same results in an increase of the palpebral crease, forming in some cases a kind of second eyelid resting on the line of the tabs, being responsible for visual fatigue.<br \/><br \/><br \/>In extreme cases, it can cause a visual obstacle with amputation of the visual field in the temporal zone. These two situations convert the mere aesthetic alteration in a functional deficit, to take into account when evaluating the surgical indication.<br \/><br \/><br \/>In this surgery, an elliptical removal of excess skin is performed. With it, the scar coincides with the palpebral crease and is not noticeable. For fatty bags should be removed if there is bulge.<\/p>\t\t\t\t\t\t<\/div>\n\t\t\t\t<\/div>\n\t\t\t\t<div class=\"elementor-element elementor-element-d7922c1 elementor-widget elementor-widget-heading\" data-id=\"d7922c1\" data-element_type=\"widget\" data-widget_type=\"heading.default\">\n\t\t\t\t<div class=\"elementor-widget-container\">\n\t\t\t<h2 class=\"elementor-heading-title elementor-size-default\">Cases:<\/h2>\t\t<\/div>\n\t\t\t\t<\/div>\n\t\t\t\t<div class=\"elementor-element elementor-element-94f19a1 elementor-widget elementor-widget-image-gallery\" data-id=\"94f19a1\" data-element_type=\"widget\" data-widget_type=\"image-gallery.default\">\n\t\t\t\t<div class=\"elementor-widget-container\">\n\t\t\t\t\t<div class=\"elementor-image-gallery\">\n\t\t\t<div id='gallery-1' class='gallery galleryid-493 gallery-columns-2 gallery-size-full'><figure class='gallery-item'>\n\t\t\t<div class='gallery-icon landscape'>\n\t\t\t\t<a data-elementor-open-lightbox=\"yes\" data-elementor-lightbox-slideshow=\"94f19a1\" data-elementor-lightbox-title=\"cf-3-des\" href='https:\/\/ivanpareja.net\/wp-content\/uploads\/2021\/08\/cf-3-des.jpg'><img width=\"354\" height=\"177\" src=\"https:\/\/ivanpareja.net\/wp-content\/uploads\/2021\/08\/cf-3-des.jpg\" class=\"attachment-full size-full\" alt=\"\" decoding=\"async\" loading=\"lazy\" srcset=\"https:\/\/ivanpareja.net\/wp-content\/uploads\/2021\/08\/cf-3-des.jpg 354w, https:\/\/ivanpareja.net\/wp-content\/uploads\/2021\/08\/cf-3-des-300x150.jpg 300w, https:\/\/ivanpareja.net\/wp-content\/uploads\/2021\/08\/cf-3-des-18x9.jpg 18w\" sizes=\"(max-width: 354px) 100vw, 354px\" \/><\/a>\n\t\t\t<\/div><\/figure><figure class='gallery-item'>\n\t\t\t<div class='gallery-icon landscape'>\n\t\t\t\t<a data-elementor-open-lightbox=\"yes\" data-elementor-lightbox-slideshow=\"94f19a1\" data-elementor-lightbox-title=\"cf-3-an\" href='https:\/\/ivanpareja.net\/wp-content\/uploads\/2021\/08\/cf-3-an.jpg'><img width=\"327\" height=\"176\" src=\"https:\/\/ivanpareja.net\/wp-content\/uploads\/2021\/08\/cf-3-an.jpg\" class=\"attachment-full size-full\" alt=\"\" decoding=\"async\" loading=\"lazy\" srcset=\"https:\/\/ivanpareja.net\/wp-content\/uploads\/2021\/08\/cf-3-an.jpg 327w, https:\/\/ivanpareja.net\/wp-content\/uploads\/2021\/08\/cf-3-an-300x161.jpg 300w, https:\/\/ivanpareja.net\/wp-content\/uploads\/2021\/08\/cf-3-an-18x10.jpg 18w\" sizes=\"(max-width: 327px) 100vw, 327px\" \/><\/a>\n\t\t\t<\/div><\/figure>\n\t\t<\/div>\n\t\t<\/div>\n\t\t\t\t<\/div>\n\t\t\t\t<\/div>\n\t\t\t\t\t<\/div>\n\t\t<\/div>\n\t\t\t\t\t\t\t<\/div>\n\t\t<\/section>\n\t\t\t\t\t\t<\/div>\n\t\t\t\t\t<\/div>","protected":false},"excerpt":{"rendered":"<p>CIRUG\u00cdA FACIAL Ritidectom\u00eda o Lifting Facial Cirug\u00eda Endosc\u00f3pica Frontal Blefaroplast\u00eda Superior Blefaroplast\u00eda Inferior Rinoplast\u00eda Exc\u00e9resis de Bolas de Bichat Otoplast\u00eda Liposucci\u00f3n del Marco Facial Mentoplast\u00eda Sonrisa Gingiva El exceso de piel originado como consecuencia de la p\u00e9rdida de elasticidad de la misma da lugar a un aumento del pliegue palpebral, formando en algunos casos una &#8230; <a title=\"Upper Blepharoplasty\" class=\"read-more\" href=\"https:\/\/ivanpareja.net\/en\/ciguria-facial\/blefaroplastia-superior\/\" aria-label=\"More on Blefaroplast\u00eda Superior\">Read more<\/a><\/p>","protected":false},"author":1,"featured_media":0,"parent":417,"menu_order":0,"comment_status":"closed","ping_status":"closed","template":"elementor_header_footer","meta":[],"yoast_head":"<!-- This site is optimized with the Yoast SEO plugin v16.9 - https:\/\/yoast.com\/wordpress\/plugins\/seo\/ -->\n<title>Blefaroplast\u00eda Superior - Dr. Iv\u00e1n Pareja | Muestra tu verdadera belleza<\/title>\n<meta name=\"robots\" content=\"index, follow, max-snippet:-1, max-image-preview:large, max-video-preview:-1\" \/>\n<link rel=\"canonical\" href=\"https:\/\/ivanpareja.net\/en\/ciguria-facial\/blefaroplastia-superior\/\" \/>\n<meta property=\"og:locale\" content=\"en_US\" \/>\n<meta property=\"og:type\" content=\"article\" \/>\n<meta property=\"og:title\" content=\"Blefaroplast\u00eda Superior - Dr. Iv\u00e1n Pareja | Muestra tu verdadera belleza\" \/>\n<meta property=\"og:description\" content=\"CIRUG\u00cdA FACIAL Ritidectom\u00eda o Lifting Facial Cirug\u00eda Endosc\u00f3pica Frontal Blefaroplast\u00eda Superior Blefaroplast\u00eda Inferior Rinoplast\u00eda Exc\u00e9resis de Bolas de Bichat Otoplast\u00eda Liposucci\u00f3n del Marco Facial Mentoplast\u00eda Sonrisa Gingiva El exceso de piel originado como consecuencia de la p\u00e9rdida de elasticidad de la misma da lugar a un aumento del pliegue palpebral, formando en algunos casos una ... Read more\" \/>\n<meta property=\"og:url\" content=\"https:\/\/ivanpareja.net\/en\/ciguria-facial\/blefaroplastia-superior\/\" \/>\n<meta property=\"og:site_name\" content=\"Dr. Iv\u00e1n Pareja | Muestra tu verdadera belleza\" \/>\n<meta property=\"article:modified_time\" content=\"2021-08-10T14:53:11+00:00\" \/>\n<meta property=\"og:image\" content=\"http:\/\/grecia.pe\/wp-content\/uploads\/2021\/08\/bg_2.jpg\" \/>\n<meta name=\"twitter:card\" content=\"summary_large_image\" \/>\n<meta name=\"twitter:label1\" content=\"Est. reading time\" \/>\n\t<meta name=\"twitter:data1\" content=\"2 minutes\" \/>\n<script type=\"application\/ld+json\" class=\"yoast-schema-graph\">{\"@context\":\"https:\/\/schema.org\",\"@graph\":[{\"@type\":\"WebSite\",\"@id\":\"https:\/\/ivanpareja.net\/#website\",\"url\":\"https:\/\/ivanpareja.net\/\",\"name\":\"Dr. Iv\\u00e1n Pareja | Muestra tu verdadera belleza\",\"description\":\"\",\"potentialAction\":[{\"@type\":\"SearchAction\",\"target\":{\"@type\":\"EntryPoint\",\"urlTemplate\":\"https:\/\/ivanpareja.net\/?s={search_term_string}\"},\"query-input\":\"required name=search_term_string\"}],\"inLanguage\":\"en-US\"},{\"@type\":\"ImageObject\",\"@id\":\"https:\/\/ivanpareja.net\/en\/ciguria-facial\/blefaroplastia-superior\/#primaryimage\",\"inLanguage\":\"en-US\",\"url\":\"http:\/\/grecia.pe\/wp-content\/uploads\/2021\/08\/bg_2.jpg\",\"contentUrl\":\"http:\/\/grecia.pe\/wp-content\/uploads\/2021\/08\/bg_2.jpg\"},{\"@type\":\"WebPage\",\"@id\":\"https:\/\/ivanpareja.net\/en\/ciguria-facial\/blefaroplastia-superior\/#webpage\",\"url\":\"https:\/\/ivanpareja.net\/en\/ciguria-facial\/blefaroplastia-superior\/\",\"name\":\"Blefaroplast\\u00eda Superior - Dr. Iv\\u00e1n Pareja | Muestra tu verdadera belleza\",\"isPartOf\":{\"@id\":\"https:\/\/ivanpareja.net\/#website\"},\"primaryImageOfPage\":{\"@id\":\"https:\/\/ivanpareja.net\/en\/ciguria-facial\/blefaroplastia-superior\/#primaryimage\"},\"datePublished\":\"2021-08-04T17:00:18+00:00\",\"dateModified\":\"2021-08-10T14:53:11+00:00\",\"breadcrumb\":{\"@id\":\"https:\/\/ivanpareja.net\/en\/ciguria-facial\/blefaroplastia-superior\/#breadcrumb\"},\"inLanguage\":\"en-US\",\"potentialAction\":[{\"@type\":\"ReadAction\",\"target\":[\"https:\/\/ivanpareja.net\/en\/ciguria-facial\/blefaroplastia-superior\/\"]}]},{\"@type\":\"BreadcrumbList\",\"@id\":\"https:\/\/ivanpareja.net\/en\/ciguria-facial\/blefaroplastia-superior\/#breadcrumb\",\"itemListElement\":[{\"@type\":\"ListItem\",\"position\":1,\"name\":\"Home\",\"item\":\"https:\/\/ivanpareja.net\/\"},{\"@type\":\"ListItem\",\"position\":2,\"name\":\"Cigur\\u00eda facial\",\"item\":\"https:\/\/ivanpareja.net\/ciguria-facial\/\"},{\"@type\":\"ListItem\",\"position\":3,\"name\":\"Blefaroplast\\u00eda Superior\"}]}]}<\/script>\n<!-- \/ Yoast SEO plugin. -->","yoast_head_json":{"title":"Blefaroplast\u00eda Superior - Dr. Iv\u00e1n Pareja | Muestra tu verdadera belleza","robots":{"index":"index","follow":"follow","max-snippet":"max-snippet:-1","max-image-preview":"max-image-preview:large","max-video-preview":"max-video-preview:-1"},"canonical":"https:\/\/ivanpareja.net\/en\/ciguria-facial\/blefaroplastia-superior\/","og_locale":"en_US","og_type":"article","og_title":"Blefaroplast\u00eda Superior - Dr. Iv\u00e1n Pareja | Muestra tu verdadera belleza","og_description":"CIRUG\u00cdA FACIAL Ritidectom\u00eda o Lifting Facial Cirug\u00eda Endosc\u00f3pica Frontal Blefaroplast\u00eda Superior Blefaroplast\u00eda Inferior Rinoplast\u00eda Exc\u00e9resis de Bolas de Bichat Otoplast\u00eda Liposucci\u00f3n del Marco Facial Mentoplast\u00eda Sonrisa Gingiva El exceso de piel originado como consecuencia de la p\u00e9rdida de elasticidad de la misma da lugar a un aumento del pliegue palpebral, formando en algunos casos una ... Read more","og_url":"https:\/\/ivanpareja.net\/en\/ciguria-facial\/blefaroplastia-superior\/","og_site_name":"Dr. Iv\u00e1n Pareja | Muestra tu verdadera belleza","article_modified_time":"2021-08-10T14:53:11+00:00","og_image":[{"url":"http:\/\/grecia.pe\/wp-content\/uploads\/2021\/08\/bg_2.jpg"}],"twitter_card":"summary_large_image","twitter_misc":{"Est. reading time":"2 minutes"},"schema":{"@context":"https:\/\/schema.org","@graph":[{"@type":"WebSite","@id":"https:\/\/ivanpareja.net\/#website","url":"https:\/\/ivanpareja.net\/","name":"Dr. Iv\u00e1n Pareja | Muestra tu verdadera belleza","description":"","potentialAction":[{"@type":"SearchAction","target":{"@type":"EntryPoint","urlTemplate":"https:\/\/ivanpareja.net\/?s={search_term_string}"},"query-input":"required name=search_term_string"}],"inLanguage":"en-US"},{"@type":"ImageObject","@id":"https:\/\/ivanpareja.net\/en\/ciguria-facial\/blefaroplastia-superior\/#primaryimage","inLanguage":"en-US","url":"http:\/\/grecia.pe\/wp-content\/uploads\/2021\/08\/bg_2.jpg","contentUrl":"http:\/\/grecia.pe\/wp-content\/uploads\/2021\/08\/bg_2.jpg"},{"@type":"WebPage","@id":"https:\/\/ivanpareja.net\/en\/ciguria-facial\/blefaroplastia-superior\/#webpage","url":"https:\/\/ivanpareja.net\/en\/ciguria-facial\/blefaroplastia-superior\/","name":"Blefaroplast\u00eda Superior - Dr. Iv\u00e1n Pareja | Muestra tu verdadera belleza","isPartOf":{"@id":"https:\/\/ivanpareja.net\/#website"},"primaryImageOfPage":{"@id":"https:\/\/ivanpareja.net\/en\/ciguria-facial\/blefaroplastia-superior\/#primaryimage"},"datePublished":"2021-08-04T17:00:18+00:00","dateModified":"2021-08-10T14:53:11+00:00","breadcrumb":{"@id":"https:\/\/ivanpareja.net\/en\/ciguria-facial\/blefaroplastia-superior\/#breadcrumb"},"inLanguage":"en-US","potentialAction":[{"@type":"ReadAction","target":["https:\/\/ivanpareja.net\/en\/ciguria-facial\/blefaroplastia-superior\/"]}]},{"@type":"BreadcrumbList","@id":"https:\/\/ivanpareja.net\/en\/ciguria-facial\/blefaroplastia-superior\/#breadcrumb","itemListElement":[{"@type":"ListItem","position":1,"name":"Home","item":"https:\/\/ivanpareja.net\/"},{"@type":"ListItem","position":2,"name":"Cigur\u00eda facial","item":"https:\/\/ivanpareja.net\/ciguria-facial\/"},{"@type":"ListItem","position":3,"name":"Blefaroplast\u00eda Superior"}]}]}},"_links":{"self":[{"href":"https:\/\/ivanpareja.net\/en\/wp-json\/wp\/v2\/pages\/493"}],"collection":[{"href":"https:\/\/ivanpareja.net\/en\/wp-json\/wp\/v2\/pages"}],"about":[{"href":"https:\/\/ivanpareja.net\/en\/wp-json\/wp\/v2\/types\/page"}],"author":[{"embeddable":true,"href":"https:\/\/ivanpareja.net\/en\/wp-json\/wp\/v2\/users\/1"}],"replies":[{"embeddable":true,"href":"https:\/\/ivanpareja.net\/en\/wp-json\/wp\/v2\/comments?post=493"}],"version-history":[{"count":9,"href":"https:\/\/ivanpareja.net\/en\/wp-json\/wp\/v2\/pages\/493\/revisions"}],"predecessor-version":[{"id":948,"href":"https:\/\/ivanpareja.net\/en\/wp-json\/wp\/v2\/pages\/493\/revisions\/948"}],"up":[{"embeddable":true,"href":"https:\/\/ivanpareja.net\/en\/wp-json\/wp\/v2\/pages\/417"}],"wp:attachment":[{"href":"https:\/\/ivanpareja.net\/en\/wp-json\/wp\/v2\/media?parent=493"}],"curies":[{"name":"wp","href":"https:\/\/api.w.org\/{rel}","templated":true}]}}