{"id":534,"date":"2021-08-04T17:39:44","date_gmt":"2021-08-04T17:39:44","guid":{"rendered":"http:\/\/grecia.pe\/?page_id=534"},"modified":"2021-08-10T15:02:29","modified_gmt":"2021-08-10T15:02:29","slug":"liposuccion-del-marco-facial","status":"publish","type":"page","link":"https:\/\/ivanpareja.net\/en\/ciguria-facial\/liposuccion-del-marco-facial\/","title":{"rendered":"Facial Frame Liposuction"},"content":{"rendered":"<div data-elementor-type=\"wp-page\" data-elementor-id=\"534\" class=\"elementor elementor-534\" data-elementor-settings=\"[]\">\n\t\t\t\t\t\t\t<div class=\"elementor-section-wrap\">\n\t\t\t\t\t\t\t<section class=\"elementor-section elementor-top-section elementor-element elementor-element-796aa07 elementor-section-boxed elementor-section-height-default elementor-section-height-default\" data-id=\"796aa07\" data-element_type=\"section\" data-settings=\"{&quot;background_background&quot;:&quot;classic&quot;}\">\n\t\t\t\t\t\t<div class=\"elementor-container elementor-column-gap-default\">\n\t\t\t\t\t<div class=\"elementor-column elementor-col-100 elementor-top-column elementor-element elementor-element-9b934d3\" data-id=\"9b934d3\" data-element_type=\"column\">\n\t\t\t<div class=\"elementor-widget-wrap elementor-element-populated\">\n\t\t\t\t\t\t\t\t<div class=\"elementor-element elementor-element-3194ba2 elementor-absolute elementor-widget__width-auto elementor-hidden-tablet elementor-hidden-phone elementor-widget elementor-widget-heading\" data-id=\"3194ba2\" data-element_type=\"widget\" data-settings=\"{&quot;_position&quot;:&quot;absolute&quot;}\" data-widget_type=\"heading.default\">\n\t\t\t\t<div class=\"elementor-widget-container\">\n\t\t\t<h2 class=\"elementor-heading-title elementor-size-default\">FACIAL SURGERY<\/h2>\t\t<\/div>\n\t\t\t\t<\/div>\n\t\t\t\t<div class=\"elementor-element elementor-element-9b6a46f elementor-widget elementor-widget-image\" data-id=\"9b6a46f\" data-element_type=\"widget\" data-widget_type=\"image.default\">\n\t\t\t\t<div class=\"elementor-widget-container\">\n\t\t\t\t\t\t\t\t\t\t\t\t\t\t\t<img decoding=\"async\" src=\"http:\/\/grecia.pe\/wp-content\/uploads\/2021\/08\/bg_2.jpg\" title=\"\" alt=\"\" \/>\t\t\t\t\t\t\t\t\t\t\t\t\t\t\t<\/div>\n\t\t\t\t<\/div>\n\t\t\t\t\t<\/div>\n\t\t<\/div>\n\t\t\t\t\t\t\t<\/div>\n\t\t<\/section>\n\t\t\t\t<section class=\"elementor-section elementor-top-section elementor-element elementor-element-7fcb7af elementor-section-boxed elementor-section-height-default elementor-section-height-default\" data-id=\"7fcb7af\" data-element_type=\"section\">\n\t\t\t\t\t\t<div class=\"elementor-container elementor-column-gap-default\">\n\t\t\t\t\t<div class=\"elementor-column elementor-col-50 elementor-top-column elementor-element elementor-element-04e2e0b\" data-id=\"04e2e0b\" data-element_type=\"column\">\n\t\t\t<div class=\"elementor-widget-wrap\">\n\t\t\t\t\t\t\t\t\t<\/div>\n\t\t<\/div>\n\t\t\t\t<div class=\"elementor-column elementor-col-50 elementor-top-column elementor-element elementor-element-3f61828\" data-id=\"3f61828\" data-element_type=\"column\" data-settings=\"{&quot;background_background&quot;:&quot;classic&quot;}\">\n\t\t\t<div class=\"elementor-widget-wrap elementor-element-populated\">\n\t\t\t\t\t\t\t\t<div class=\"elementor-element elementor-element-3ed1220 elementor-widget elementor-widget-heading\" data-id=\"3ed1220\" data-element_type=\"widget\" data-widget_type=\"heading.default\">\n\t\t\t\t<div class=\"elementor-widget-container\">\n\t\t\t<h2 class=\"elementor-heading-title elementor-size-default\">Facial Frame Liposuction<\/h2>\t\t<\/div>\n\t\t\t\t<\/div>\n\t\t\t\t\t<\/div>\n\t\t<\/div>\n\t\t\t\t\t\t\t<\/div>\n\t\t<\/section>\n\t\t\t\t<section class=\"elementor-section elementor-top-section elementor-element elementor-element-e16029c elementor-section-boxed elementor-section-height-default elementor-section-height-default\" data-id=\"e16029c\" data-element_type=\"section\">\n\t\t\t\t\t\t<div class=\"elementor-container elementor-column-gap-default\">\n\t\t\t\t\t<div class=\"elementor-column elementor-col-50 elementor-top-column elementor-element elementor-element-1b997f8\" data-id=\"1b997f8\" data-element_type=\"column\">\n\t\t\t<div class=\"elementor-widget-wrap elementor-element-populated\">\n\t\t\t\t\t\t\t\t<div class=\"elementor-element elementor-element-f9229a0 elementor-icon-list--layout-traditional elementor-list-item-link-full_width elementor-widget elementor-widget-global elementor-global-805 elementor-widget-icon-list\" data-id=\"f9229a0\" data-element_type=\"widget\" data-widget_type=\"icon-list.default\">\n\t\t\t\t<div class=\"elementor-widget-container\">\n\t\t\t\t\t<ul class=\"elementor-icon-list-items\">\n\t\t\t\t\t\t\t<li class=\"elementor-icon-list-item\">\n\t\t\t\t\t<a href=\"https:\/\/ivanpareja.net\/en\/ciguria-facial\/\">\t\t\t\t\t<span class=\"elementor-icon-list-text\">Rhytidectomy or facelift<\/span>\n\t\t\t\t\t\t\t\t\t\t\t<\/a>\n\t\t\t\t\t\t\t\t\t<\/li>\n\t\t\t\t\t\t\t\t<li class=\"elementor-icon-list-item\">\n\t\t\t\t\t<a href=\"https:\/\/ivanpareja.net\/en\/ciguria-facial\/frontal-endoscopic-surgery\/\">\t\t\t\t\t<span class=\"elementor-icon-list-text\">Cirug\u00eda Endosc\u00f3pica Frontal<\/span>\n\t\t\t\t\t\t\t\t\t\t\t<\/a>\n\t\t\t\t\t\t\t\t\t<\/li>\n\t\t\t\t\t\t\t\t<li class=\"elementor-icon-list-item\">\n\t\t\t\t\t<a href=\"https:\/\/ivanpareja.net\/en\/ciguria-facial\/blefaroplastia-superior\/\">\t\t\t\t\t<span class=\"elementor-icon-list-text\">Upper Blepharoplasty<\/span>\n\t\t\t\t\t\t\t\t\t\t\t<\/a>\n\t\t\t\t\t\t\t\t\t<\/li>\n\t\t\t\t\t\t\t\t<li class=\"elementor-icon-list-item\">\n\t\t\t\t\t<a href=\"https:\/\/ivanpareja.net\/en\/ciguria-facial\/blefaroplastia-inferior\/\">\t\t\t\t\t<span class=\"elementor-icon-list-text\">Lower Blepharoplasty<\/span>\n\t\t\t\t\t\t\t\t\t\t\t<\/a>\n\t\t\t\t\t\t\t\t\t<\/li>\n\t\t\t\t\t\t\t\t<li class=\"elementor-icon-list-item\">\n\t\t\t\t\t<a href=\"https:\/\/ivanpareja.net\/en\/ciguria-facial\/rinoplastia\/\">\t\t\t\t\t<span class=\"elementor-icon-list-text\">Rhinoplasty<\/span>\n\t\t\t\t\t\t\t\t\t\t\t<\/a>\n\t\t\t\t\t\t\t\t\t<\/li>\n\t\t\t\t\t\t\t\t<li class=\"elementor-icon-list-item\">\n\t\t\t\t\t<a href=\"https:\/\/ivanpareja.net\/en\/ciguria-facial\/exceresis-de-bolas-de-bichat\/\">\t\t\t\t\t<span class=\"elementor-icon-list-text\">Exceresis of Bichat Balls<\/span>\n\t\t\t\t\t\t\t\t\t\t\t<\/a>\n\t\t\t\t\t\t\t\t\t<\/li>\n\t\t\t\t\t\t\t\t<li class=\"elementor-icon-list-item\">\n\t\t\t\t\t<a href=\"https:\/\/ivanpareja.net\/en\/ciguria-facial\/otoplastia\/\">\t\t\t\t\t<span class=\"elementor-icon-list-text\">Otoplasty<\/span>\n\t\t\t\t\t\t\t\t\t\t\t<\/a>\n\t\t\t\t\t\t\t\t\t<\/li>\n\t\t\t\t\t\t\t\t<li class=\"elementor-icon-list-item\">\n\t\t\t\t\t<a href=\"https:\/\/ivanpareja.net\/en\/ciguria-facial\/liposuccion-del-marco-facial\/\">\t\t\t\t\t<span class=\"elementor-icon-list-text\">Facial Frame Liposuction<\/span>\n\t\t\t\t\t\t\t\t\t\t\t<\/a>\n\t\t\t\t\t\t\t\t\t<\/li>\n\t\t\t\t\t\t\t\t<li class=\"elementor-icon-list-item\">\n\t\t\t\t\t<a href=\"https:\/\/ivanpareja.net\/en\/ciguria-facial\/mentoplastia\/\">\t\t\t\t\t<span class=\"elementor-icon-list-text\">Mentonplastia<\/span>\n\t\t\t\t\t\t\t\t\t\t\t<\/a>\n\t\t\t\t\t\t\t\t\t<\/li>\n\t\t\t\t\t\t\t\t<li class=\"elementor-icon-list-item\">\n\t\t\t\t\t<a href=\"https:\/\/ivanpareja.net\/en\/ciguria-facial\/sonrisa-gingival\/\">\t\t\t\t\t<span class=\"elementor-icon-list-text\">Gingival smile<\/span>\n\t\t\t\t\t\t\t\t\t\t\t<\/a>\n\t\t\t\t\t\t\t\t\t<\/li>\n\t\t\t\t\t\t<\/ul>\n\t\t\t\t<\/div>\n\t\t\t\t<\/div>\n\t\t\t\t\t<\/div>\n\t\t<\/div>\n\t\t\t\t<div class=\"elementor-column elementor-col-50 elementor-top-column elementor-element elementor-element-f0061a1\" data-id=\"f0061a1\" data-element_type=\"column\">\n\t\t\t<div class=\"elementor-widget-wrap elementor-element-populated\">\n\t\t\t\t\t\t\t\t<div class=\"elementor-element elementor-element-bb43826 elementor-widget elementor-widget-text-editor\" data-id=\"bb43826\" data-element_type=\"widget\" data-widget_type=\"text-editor.default\">\n\t\t\t\t<div class=\"elementor-widget-container\">\n\t\t\t\t\t\t\t\t<div id=\"main-div\"><section id=\"cuerpo\"><div id=\"content-titulo-texto-4\"><p>This procedure can improve the angle formed by the jaw and neck or mandibular cervical angle, thus achieving a symmetrical and more harmonious aspect in our face. This surgery is done through very small incisions under the chin and behind the earlobes, leaving a very small scar and almost imperceptible.<br \/><br \/>Are the results of this procedure definitive? Yes, liposuction removes the localized fat permanently. Although it depends on the patient that these results are maintained in time, because if not complemented with a healthy diet and balanced this fat can rise. Similarly, if this is the case, the procedure can be repeated without any inconvenience whatsoever<br \/><br \/><\/p><\/div><\/section><\/div>\t\t\t\t\t\t<\/div>\n\t\t\t\t<\/div>\n\t\t\t\t\t<\/div>\n\t\t<\/div>\n\t\t\t\t\t\t\t<\/div>\n\t\t<\/section>\n\t\t\t\t\t\t<\/div>\n\t\t\t\t\t<\/div>","protected":false},"excerpt":{"rendered":"<p>CIRUG\u00cdA FACIAL Ritidectom\u00eda o Lifting Facial Cirug\u00eda Endosc\u00f3pica Frontal Blefaroplast\u00eda Superior Blefaroplast\u00eda Inferior Rinoplast\u00eda Exc\u00e9resis de Bolas de Bichat Otoplast\u00eda Liposucci\u00f3n del Marco Facial Mentoplast\u00eda Sonrisa Gingiva Mediante este procedimiento se puede mejorar el \u00e1ngulo formado por la mand\u00edbula y el cuello o \u00e1ngulo c\u00e9rvico mandibular logrando as\u00ed una aspecto sim\u00e9trico y m\u00e1s armonioso en &#8230; <a title=\"Facial Frame Liposuction\" class=\"read-more\" href=\"https:\/\/ivanpareja.net\/en\/ciguria-facial\/liposuccion-del-marco-facial\/\" aria-label=\"More on Liposucci\u00f3n del Marco Facial\">Read more<\/a><\/p>","protected":false},"author":1,"featured_media":0,"parent":417,"menu_order":0,"comment_status":"closed","ping_status":"closed","template":"elementor_header_footer","meta":[],"yoast_head":"<!-- This site is optimized with the Yoast SEO plugin v16.9 - https:\/\/yoast.com\/wordpress\/plugins\/seo\/ -->\n<title>Liposucci\u00f3n del Marco Facial - Dr. Iv\u00e1n Pareja | Muestra tu verdadera belleza<\/title>\n<meta name=\"robots\" content=\"index, follow, max-snippet:-1, max-image-preview:large, max-video-preview:-1\" \/>\n<link rel=\"canonical\" href=\"https:\/\/ivanpareja.net\/en\/ciguria-facial\/liposuccion-del-marco-facial\/\" \/>\n<meta property=\"og:locale\" content=\"en_US\" \/>\n<meta property=\"og:type\" content=\"article\" \/>\n<meta property=\"og:title\" content=\"Liposucci\u00f3n del Marco Facial - Dr. Iv\u00e1n Pareja | Muestra tu verdadera belleza\" \/>\n<meta property=\"og:description\" content=\"CIRUG\u00cdA FACIAL Ritidectom\u00eda o Lifting Facial Cirug\u00eda Endosc\u00f3pica Frontal Blefaroplast\u00eda Superior Blefaroplast\u00eda Inferior Rinoplast\u00eda Exc\u00e9resis de Bolas de Bichat Otoplast\u00eda Liposucci\u00f3n del Marco Facial Mentoplast\u00eda Sonrisa Gingiva Mediante este procedimiento se puede mejorar el \u00e1ngulo formado por la mand\u00edbula y el cuello o \u00e1ngulo c\u00e9rvico mandibular logrando as\u00ed una aspecto sim\u00e9trico y m\u00e1s armonioso en ... Read more\" \/>\n<meta property=\"og:url\" content=\"https:\/\/ivanpareja.net\/en\/ciguria-facial\/liposuccion-del-marco-facial\/\" \/>\n<meta property=\"og:site_name\" content=\"Dr. Iv\u00e1n Pareja | Muestra tu verdadera belleza\" \/>\n<meta property=\"article:modified_time\" content=\"2021-08-10T15:02:29+00:00\" \/>\n<meta property=\"og:image\" content=\"http:\/\/grecia.pe\/wp-content\/uploads\/2021\/08\/bg_2.jpg\" \/>\n<meta name=\"twitter:card\" content=\"summary_large_image\" \/>\n<meta name=\"twitter:label1\" content=\"Est. reading time\" \/>\n\t<meta name=\"twitter:data1\" content=\"1 minute\" \/>\n<script type=\"application\/ld+json\" class=\"yoast-schema-graph\">{\"@context\":\"https:\/\/schema.org\",\"@graph\":[{\"@type\":\"WebSite\",\"@id\":\"https:\/\/ivanpareja.net\/#website\",\"url\":\"https:\/\/ivanpareja.net\/\",\"name\":\"Dr. Iv\\u00e1n Pareja | Muestra tu verdadera belleza\",\"description\":\"\",\"potentialAction\":[{\"@type\":\"SearchAction\",\"target\":{\"@type\":\"EntryPoint\",\"urlTemplate\":\"https:\/\/ivanpareja.net\/?s={search_term_string}\"},\"query-input\":\"required name=search_term_string\"}],\"inLanguage\":\"en-US\"},{\"@type\":\"ImageObject\",\"@id\":\"https:\/\/ivanpareja.net\/ciguria-facial\/liposuccion-del-marco-facial\/#primaryimage\",\"inLanguage\":\"en-US\",\"url\":\"http:\/\/grecia.pe\/wp-content\/uploads\/2021\/08\/bg_2.jpg\",\"contentUrl\":\"http:\/\/grecia.pe\/wp-content\/uploads\/2021\/08\/bg_2.jpg\"},{\"@type\":\"WebPage\",\"@id\":\"https:\/\/ivanpareja.net\/ciguria-facial\/liposuccion-del-marco-facial\/#webpage\",\"url\":\"https:\/\/ivanpareja.net\/ciguria-facial\/liposuccion-del-marco-facial\/\",\"name\":\"Liposucci\\u00f3n del Marco Facial - Dr. Iv\\u00e1n Pareja | Muestra tu verdadera belleza\",\"isPartOf\":{\"@id\":\"https:\/\/ivanpareja.net\/#website\"},\"primaryImageOfPage\":{\"@id\":\"https:\/\/ivanpareja.net\/ciguria-facial\/liposuccion-del-marco-facial\/#primaryimage\"},\"datePublished\":\"2021-08-04T17:39:44+00:00\",\"dateModified\":\"2021-08-10T15:02:29+00:00\",\"breadcrumb\":{\"@id\":\"https:\/\/ivanpareja.net\/ciguria-facial\/liposuccion-del-marco-facial\/#breadcrumb\"},\"inLanguage\":\"en-US\",\"potentialAction\":[{\"@type\":\"ReadAction\",\"target\":[\"https:\/\/ivanpareja.net\/ciguria-facial\/liposuccion-del-marco-facial\/\"]}]},{\"@type\":\"BreadcrumbList\",\"@id\":\"https:\/\/ivanpareja.net\/ciguria-facial\/liposuccion-del-marco-facial\/#breadcrumb\",\"itemListElement\":[{\"@type\":\"ListItem\",\"position\":1,\"name\":\"Home\",\"item\":\"https:\/\/ivanpareja.net\/\"},{\"@type\":\"ListItem\",\"position\":2,\"name\":\"Cigur\\u00eda facial\",\"item\":\"https:\/\/ivanpareja.net\/ciguria-facial\/\"},{\"@type\":\"ListItem\",\"position\":3,\"name\":\"Liposucci\\u00f3n del Marco Facial\"}]}]}<\/script>\n<!-- \/ Yoast SEO plugin. -->","yoast_head_json":{"title":"Liposucci\u00f3n del Marco Facial - Dr. Iv\u00e1n Pareja | Muestra tu verdadera belleza","robots":{"index":"index","follow":"follow","max-snippet":"max-snippet:-1","max-image-preview":"max-image-preview:large","max-video-preview":"max-video-preview:-1"},"canonical":"https:\/\/ivanpareja.net\/en\/ciguria-facial\/liposuccion-del-marco-facial\/","og_locale":"en_US","og_type":"article","og_title":"Liposucci\u00f3n del Marco Facial - Dr. Iv\u00e1n Pareja | Muestra tu verdadera belleza","og_description":"CIRUG\u00cdA FACIAL Ritidectom\u00eda o Lifting Facial Cirug\u00eda Endosc\u00f3pica Frontal Blefaroplast\u00eda Superior Blefaroplast\u00eda Inferior Rinoplast\u00eda Exc\u00e9resis de Bolas de Bichat Otoplast\u00eda Liposucci\u00f3n del Marco Facial Mentoplast\u00eda Sonrisa Gingiva Mediante este procedimiento se puede mejorar el \u00e1ngulo formado por la mand\u00edbula y el cuello o \u00e1ngulo c\u00e9rvico mandibular logrando as\u00ed una aspecto sim\u00e9trico y m\u00e1s armonioso en ... Read more","og_url":"https:\/\/ivanpareja.net\/en\/ciguria-facial\/liposuccion-del-marco-facial\/","og_site_name":"Dr. Iv\u00e1n Pareja | Muestra tu verdadera belleza","article_modified_time":"2021-08-10T15:02:29+00:00","og_image":[{"url":"http:\/\/grecia.pe\/wp-content\/uploads\/2021\/08\/bg_2.jpg"}],"twitter_card":"summary_large_image","twitter_misc":{"Est. reading time":"1 minute"},"schema":{"@context":"https:\/\/schema.org","@graph":[{"@type":"WebSite","@id":"https:\/\/ivanpareja.net\/#website","url":"https:\/\/ivanpareja.net\/","name":"Dr. Iv\u00e1n Pareja | Muestra tu verdadera belleza","description":"","potentialAction":[{"@type":"SearchAction","target":{"@type":"EntryPoint","urlTemplate":"https:\/\/ivanpareja.net\/?s={search_term_string}"},"query-input":"required name=search_term_string"}],"inLanguage":"en-US"},{"@type":"ImageObject","@id":"https:\/\/ivanpareja.net\/ciguria-facial\/liposuccion-del-marco-facial\/#primaryimage","inLanguage":"en-US","url":"http:\/\/grecia.pe\/wp-content\/uploads\/2021\/08\/bg_2.jpg","contentUrl":"http:\/\/grecia.pe\/wp-content\/uploads\/2021\/08\/bg_2.jpg"},{"@type":"WebPage","@id":"https:\/\/ivanpareja.net\/ciguria-facial\/liposuccion-del-marco-facial\/#webpage","url":"https:\/\/ivanpareja.net\/ciguria-facial\/liposuccion-del-marco-facial\/","name":"Liposucci\u00f3n del Marco Facial - Dr. Iv\u00e1n Pareja | Muestra tu verdadera belleza","isPartOf":{"@id":"https:\/\/ivanpareja.net\/#website"},"primaryImageOfPage":{"@id":"https:\/\/ivanpareja.net\/ciguria-facial\/liposuccion-del-marco-facial\/#primaryimage"},"datePublished":"2021-08-04T17:39:44+00:00","dateModified":"2021-08-10T15:02:29+00:00","breadcrumb":{"@id":"https:\/\/ivanpareja.net\/ciguria-facial\/liposuccion-del-marco-facial\/#breadcrumb"},"inLanguage":"en-US","potentialAction":[{"@type":"ReadAction","target":["https:\/\/ivanpareja.net\/ciguria-facial\/liposuccion-del-marco-facial\/"]}]},{"@type":"BreadcrumbList","@id":"https:\/\/ivanpareja.net\/ciguria-facial\/liposuccion-del-marco-facial\/#breadcrumb","itemListElement":[{"@type":"ListItem","position":1,"name":"Home","item":"https:\/\/ivanpareja.net\/"},{"@type":"ListItem","position":2,"name":"Cigur\u00eda facial","item":"https:\/\/ivanpareja.net\/ciguria-facial\/"},{"@type":"ListItem","position":3,"name":"Liposucci\u00f3n del Marco Facial"}]}]}},"_links":{"self":[{"href":"https:\/\/ivanpareja.net\/en\/wp-json\/wp\/v2\/pages\/534"}],"collection":[{"href":"https:\/\/ivanpareja.net\/en\/wp-json\/wp\/v2\/pages"}],"about":[{"href":"https:\/\/ivanpareja.net\/en\/wp-json\/wp\/v2\/types\/page"}],"author":[{"embeddable":true,"href":"https:\/\/ivanpareja.net\/en\/wp-json\/wp\/v2\/users\/1"}],"replies":[{"embeddable":true,"href":"https:\/\/ivanpareja.net\/en\/wp-json\/wp\/v2\/comments?post=534"}],"version-history":[{"count":6,"href":"https:\/\/ivanpareja.net\/en\/wp-json\/wp\/v2\/pages\/534\/revisions"}],"predecessor-version":[{"id":961,"href":"https:\/\/ivanpareja.net\/en\/wp-json\/wp\/v2\/pages\/534\/revisions\/961"}],"up":[{"embeddable":true,"href":"https:\/\/ivanpareja.net\/en\/wp-json\/wp\/v2\/pages\/417"}],"wp:attachment":[{"href":"https:\/\/ivanpareja.net\/en\/wp-json\/wp\/v2\/media?parent=534"}],"curies":[{"name":"wp","href":"https:\/\/api.w.org\/{rel}","templated":true}]}}