{"id":588,"date":"2021-08-04T21:16:58","date_gmt":"2021-08-04T21:16:58","guid":{"rendered":"http:\/\/grecia.pe\/?page_id=588"},"modified":"2021-08-10T15:20:46","modified_gmt":"2021-08-10T15:20:46","slug":"bioestimulacion-o-plasma-rico-en-plaquetas","status":"publish","type":"page","link":"https:\/\/ivanpareja.net\/en\/medicina-estetica\/bioestimulacion-o-plasma-rico-en-plaquetas\/","title":{"rendered":"Biostimulation or platelet-rich plasma"},"content":{"rendered":"<div data-elementor-type=\"wp-page\" data-elementor-id=\"588\" class=\"elementor elementor-588\" data-elementor-settings=\"[]\">\n\t\t\t\t\t\t\t<div class=\"elementor-section-wrap\">\n\t\t\t\t\t\t\t<section class=\"elementor-section elementor-top-section elementor-element elementor-element-796aa07 elementor-section-boxed elementor-section-height-default elementor-section-height-default\" data-id=\"796aa07\" data-element_type=\"section\" data-settings=\"{&quot;background_background&quot;:&quot;classic&quot;}\">\n\t\t\t\t\t\t<div class=\"elementor-container elementor-column-gap-default\">\n\t\t\t\t\t<div class=\"elementor-column elementor-col-100 elementor-top-column elementor-element elementor-element-9b934d3\" data-id=\"9b934d3\" data-element_type=\"column\">\n\t\t\t<div class=\"elementor-widget-wrap elementor-element-populated\">\n\t\t\t\t\t\t\t\t<div class=\"elementor-element elementor-element-3194ba2 elementor-absolute elementor-widget__width-auto elementor-hidden-tablet elementor-hidden-phone elementor-widget elementor-widget-heading\" data-id=\"3194ba2\" data-element_type=\"widget\" data-settings=\"{&quot;_position&quot;:&quot;absolute&quot;}\" data-widget_type=\"heading.default\">\n\t\t\t\t<div class=\"elementor-widget-container\">\n\t\t\t<h2 class=\"elementor-heading-title elementor-size-default\">AESTHETIC MEDICINE<\/h2>\t\t<\/div>\n\t\t\t\t<\/div>\n\t\t\t\t<div class=\"elementor-element elementor-element-9b6a46f elementor-widget elementor-widget-image\" data-id=\"9b6a46f\" data-element_type=\"widget\" data-widget_type=\"image.default\">\n\t\t\t\t<div class=\"elementor-widget-container\">\n\t\t\t\t\t\t\t\t\t\t\t\t\t\t\t<img decoding=\"async\" src=\"http:\/\/grecia.pe\/wp-content\/uploads\/2021\/08\/bg_4.jpg\" title=\"\" alt=\"\" \/>\t\t\t\t\t\t\t\t\t\t\t\t\t\t\t<\/div>\n\t\t\t\t<\/div>\n\t\t\t\t\t<\/div>\n\t\t<\/div>\n\t\t\t\t\t\t\t<\/div>\n\t\t<\/section>\n\t\t\t\t<section class=\"elementor-section elementor-top-section elementor-element elementor-element-7fcb7af elementor-section-boxed elementor-section-height-default elementor-section-height-default\" data-id=\"7fcb7af\" data-element_type=\"section\">\n\t\t\t\t\t\t<div class=\"elementor-container elementor-column-gap-default\">\n\t\t\t\t\t<div class=\"elementor-column elementor-col-50 elementor-top-column elementor-element elementor-element-04e2e0b\" data-id=\"04e2e0b\" data-element_type=\"column\">\n\t\t\t<div class=\"elementor-widget-wrap\">\n\t\t\t\t\t\t\t\t\t<\/div>\n\t\t<\/div>\n\t\t\t\t<div class=\"elementor-column elementor-col-50 elementor-top-column elementor-element elementor-element-3f61828\" data-id=\"3f61828\" data-element_type=\"column\" data-settings=\"{&quot;background_background&quot;:&quot;classic&quot;}\">\n\t\t\t<div class=\"elementor-widget-wrap elementor-element-populated\">\n\t\t\t\t\t\t\t\t<div class=\"elementor-element elementor-element-3ed1220 elementor-widget elementor-widget-heading\" data-id=\"3ed1220\" data-element_type=\"widget\" data-widget_type=\"heading.default\">\n\t\t\t\t<div class=\"elementor-widget-container\">\n\t\t\t<h2 class=\"elementor-heading-title elementor-size-default\">Biostimulation or platelet-rich plasma<\/h2>\t\t<\/div>\n\t\t\t\t<\/div>\n\t\t\t\t\t<\/div>\n\t\t<\/div>\n\t\t\t\t\t\t\t<\/div>\n\t\t<\/section>\n\t\t\t\t<section class=\"elementor-section elementor-top-section elementor-element elementor-element-e16029c elementor-section-boxed elementor-section-height-default elementor-section-height-default\" data-id=\"e16029c\" data-element_type=\"section\">\n\t\t\t\t\t\t<div class=\"elementor-container elementor-column-gap-default\">\n\t\t\t\t\t<div class=\"elementor-column elementor-col-50 elementor-top-column elementor-element elementor-element-1b997f8\" data-id=\"1b997f8\" data-element_type=\"column\">\n\t\t\t<div class=\"elementor-widget-wrap elementor-element-populated\">\n\t\t\t\t\t\t\t\t<div class=\"elementor-element elementor-element-ab0f99f elementor-icon-list--layout-traditional elementor-list-item-link-full_width elementor-widget elementor-widget-global elementor-global-870 elementor-widget-icon-list\" data-id=\"ab0f99f\" data-element_type=\"widget\" data-widget_type=\"icon-list.default\">\n\t\t\t\t<div class=\"elementor-widget-container\">\n\t\t\t\t\t<ul class=\"elementor-icon-list-items\">\n\t\t\t\t\t\t\t<li class=\"elementor-icon-list-item\">\n\t\t\t\t\t<a href=\"https:\/\/ivanpareja.net\/en\/medicina-estetica\/\">\t\t\t\t\t<span class=\"elementor-icon-list-text\">Botulinum toxin<\/span>\n\t\t\t\t\t\t\t\t\t\t\t<\/a>\n\t\t\t\t\t\t\t\t\t<\/li>\n\t\t\t\t\t\t\t\t<li class=\"elementor-icon-list-item\">\n\t\t\t\t\t<a href=\"https:\/\/ivanpareja.net\/en\/medicina-estetica\/bioestimulacion-o-plasma-rico-en-plaquetas\/\">\t\t\t\t\t<span class=\"elementor-icon-list-text\">Biostimulation or plasma<\/span>\n\t\t\t\t\t\t\t\t\t\t\t<\/a>\n\t\t\t\t\t\t\t\t\t<\/li>\n\t\t\t\t\t\t\t\t<li class=\"elementor-icon-list-item\">\n\t\t\t\t\t<a href=\"https:\/\/ivanpareja.net\/en\/medicina-estetica\/thermage\/\">\t\t\t\t\t<span class=\"elementor-icon-list-text\">Thermage<\/span>\n\t\t\t\t\t\t\t\t\t\t\t<\/a>\n\t\t\t\t\t\t\t\t\t<\/li>\n\t\t\t\t\t\t\t\t<li class=\"elementor-icon-list-item\">\n\t\t\t\t\t<a href=\"https:\/\/ivanpareja.net\/en\/medicina-estetica\/rellenos-faciales\/\">\t\t\t\t\t<span class=\"elementor-icon-list-text\">Facial Fillers<\/span>\n\t\t\t\t\t\t\t\t\t\t\t<\/a>\n\t\t\t\t\t\t\t\t\t<\/li>\n\t\t\t\t\t\t<\/ul>\n\t\t\t\t<\/div>\n\t\t\t\t<\/div>\n\t\t\t\t\t<\/div>\n\t\t<\/div>\n\t\t\t\t<div class=\"elementor-column elementor-col-50 elementor-top-column elementor-element elementor-element-f0061a1\" data-id=\"f0061a1\" data-element_type=\"column\">\n\t\t\t<div class=\"elementor-widget-wrap elementor-element-populated\">\n\t\t\t\t\t\t\t\t<div class=\"elementor-element elementor-element-bb43826 elementor-widget elementor-widget-text-editor\" data-id=\"bb43826\" data-element_type=\"widget\" data-widget_type=\"text-editor.default\">\n\t\t\t\t<div class=\"elementor-widget-container\">\n\t\t\t\t\t\t\t\t<p>Biostimulation with plasma seeks the biological stimulation of the anabolic functions of the fibroblast, the fundamental cell that determines the structure and the quality of the skin. This is the increase of type III collagen, elastin and hyaluronic acid. This cell is activated by the so-called growth factors, proteins found in the membrane of platelets and act as biological mediators in the human organism. Thus, the essential functions of regeneration and repair of tissues are regulated.<br \/><br \/>This increase in the essential proteins of the skin and hyaluronic acid will give you greater tension and firmness to the skin, as well as a better hydration.<\/p>\t\t\t\t\t\t<\/div>\n\t\t\t\t<\/div>\n\t\t\t\t\t<\/div>\n\t\t<\/div>\n\t\t\t\t\t\t\t<\/div>\n\t\t<\/section>\n\t\t\t\t\t\t<\/div>\n\t\t\t\t\t<\/div>","protected":false},"excerpt":{"rendered":"<p>MEDICINA EST\u00c9TICA Toxina Botul\u00ednica Bioestimulaci\u00f3n o Plasma Thermage Rellenos Faciales La bioestimulaci\u00f3n con plasma busca la estimulaci\u00f3n biol\u00f3gica de las funciones anab\u00f3licas del fibroblasto, la c\u00e9lula fundamental que determina la estructura y la calidad de la piel. Esto es el aumento de col\u00e1geno tipo III, elastina y \u00e1cido hialur\u00f3nico. Esta c\u00e9lula se activa gracias a &#8230; <a title=\"Biostimulation or platelet-rich plasma\" class=\"read-more\" href=\"https:\/\/ivanpareja.net\/en\/medicina-estetica\/bioestimulacion-o-plasma-rico-en-plaquetas\/\" aria-label=\"More on Bioestimulaci\u00f3n o Plasma Rico en Plaquetas\">Read more<\/a><\/p>","protected":false},"author":1,"featured_media":0,"parent":449,"menu_order":0,"comment_status":"closed","ping_status":"closed","template":"elementor_header_footer","meta":[],"yoast_head":"<!-- This site is optimized with the Yoast SEO plugin v16.9 - https:\/\/yoast.com\/wordpress\/plugins\/seo\/ -->\n<title>Bioestimulaci\u00f3n o Plasma Rico en Plaquetas - Dr. Iv\u00e1n Pareja | Muestra tu verdadera belleza<\/title>\n<meta name=\"robots\" content=\"index, follow, max-snippet:-1, max-image-preview:large, max-video-preview:-1\" \/>\n<link rel=\"canonical\" href=\"https:\/\/ivanpareja.net\/en\/medicina-estetica\/bioestimulacion-o-plasma-rico-en-plaquetas\/\" \/>\n<meta property=\"og:locale\" content=\"en_US\" \/>\n<meta property=\"og:type\" content=\"article\" \/>\n<meta property=\"og:title\" content=\"Bioestimulaci\u00f3n o Plasma Rico en Plaquetas - Dr. Iv\u00e1n Pareja | Muestra tu verdadera belleza\" \/>\n<meta property=\"og:description\" content=\"MEDICINA EST\u00c9TICA Toxina Botul\u00ednica Bioestimulaci\u00f3n o Plasma Thermage Rellenos Faciales La bioestimulaci\u00f3n con plasma busca la estimulaci\u00f3n biol\u00f3gica de las funciones anab\u00f3licas del fibroblasto, la c\u00e9lula fundamental que determina la estructura y la calidad de la piel. Esto es el aumento de col\u00e1geno tipo III, elastina y \u00e1cido hialur\u00f3nico. Esta c\u00e9lula se activa gracias a ... Read more\" \/>\n<meta property=\"og:url\" content=\"https:\/\/ivanpareja.net\/en\/medicina-estetica\/bioestimulacion-o-plasma-rico-en-plaquetas\/\" \/>\n<meta property=\"og:site_name\" content=\"Dr. Iv\u00e1n Pareja | Muestra tu verdadera belleza\" \/>\n<meta property=\"article:modified_time\" content=\"2021-08-10T15:20:46+00:00\" \/>\n<meta property=\"og:image\" content=\"http:\/\/grecia.pe\/wp-content\/uploads\/2021\/08\/bg_4.jpg\" \/>\n<meta name=\"twitter:card\" content=\"summary_large_image\" \/>\n<meta name=\"twitter:label1\" content=\"Est. reading time\" \/>\n\t<meta name=\"twitter:data1\" content=\"1 minute\" \/>\n<script type=\"application\/ld+json\" class=\"yoast-schema-graph\">{\"@context\":\"https:\/\/schema.org\",\"@graph\":[{\"@type\":\"WebSite\",\"@id\":\"https:\/\/ivanpareja.net\/#website\",\"url\":\"https:\/\/ivanpareja.net\/\",\"name\":\"Dr. Iv\\u00e1n Pareja | Muestra tu verdadera belleza\",\"description\":\"\",\"potentialAction\":[{\"@type\":\"SearchAction\",\"target\":{\"@type\":\"EntryPoint\",\"urlTemplate\":\"https:\/\/ivanpareja.net\/?s={search_term_string}\"},\"query-input\":\"required name=search_term_string\"}],\"inLanguage\":\"en-US\"},{\"@type\":\"ImageObject\",\"@id\":\"https:\/\/ivanpareja.net\/medicina-estetica\/bioestimulacion-o-plasma-rico-en-plaquetas\/#primaryimage\",\"inLanguage\":\"en-US\",\"url\":\"http:\/\/grecia.pe\/wp-content\/uploads\/2021\/08\/bg_4.jpg\",\"contentUrl\":\"http:\/\/grecia.pe\/wp-content\/uploads\/2021\/08\/bg_4.jpg\"},{\"@type\":\"WebPage\",\"@id\":\"https:\/\/ivanpareja.net\/medicina-estetica\/bioestimulacion-o-plasma-rico-en-plaquetas\/#webpage\",\"url\":\"https:\/\/ivanpareja.net\/medicina-estetica\/bioestimulacion-o-plasma-rico-en-plaquetas\/\",\"name\":\"Bioestimulaci\\u00f3n o Plasma Rico en Plaquetas - Dr. Iv\\u00e1n Pareja | Muestra tu verdadera belleza\",\"isPartOf\":{\"@id\":\"https:\/\/ivanpareja.net\/#website\"},\"primaryImageOfPage\":{\"@id\":\"https:\/\/ivanpareja.net\/medicina-estetica\/bioestimulacion-o-plasma-rico-en-plaquetas\/#primaryimage\"},\"datePublished\":\"2021-08-04T21:16:58+00:00\",\"dateModified\":\"2021-08-10T15:20:46+00:00\",\"breadcrumb\":{\"@id\":\"https:\/\/ivanpareja.net\/medicina-estetica\/bioestimulacion-o-plasma-rico-en-plaquetas\/#breadcrumb\"},\"inLanguage\":\"en-US\",\"potentialAction\":[{\"@type\":\"ReadAction\",\"target\":[\"https:\/\/ivanpareja.net\/medicina-estetica\/bioestimulacion-o-plasma-rico-en-plaquetas\/\"]}]},{\"@type\":\"BreadcrumbList\",\"@id\":\"https:\/\/ivanpareja.net\/medicina-estetica\/bioestimulacion-o-plasma-rico-en-plaquetas\/#breadcrumb\",\"itemListElement\":[{\"@type\":\"ListItem\",\"position\":1,\"name\":\"Home\",\"item\":\"https:\/\/ivanpareja.net\/\"},{\"@type\":\"ListItem\",\"position\":2,\"name\":\"MEDICINA EST\\u00c9TICA\",\"item\":\"https:\/\/ivanpareja.net\/medicina-estetica\/\"},{\"@type\":\"ListItem\",\"position\":3,\"name\":\"Bioestimulaci\\u00f3n o Plasma Rico en Plaquetas\"}]}]}<\/script>\n<!-- \/ Yoast SEO plugin. -->","yoast_head_json":{"title":"Bioestimulaci\u00f3n o Plasma Rico en Plaquetas - Dr. Iv\u00e1n Pareja | Muestra tu verdadera belleza","robots":{"index":"index","follow":"follow","max-snippet":"max-snippet:-1","max-image-preview":"max-image-preview:large","max-video-preview":"max-video-preview:-1"},"canonical":"https:\/\/ivanpareja.net\/en\/medicina-estetica\/bioestimulacion-o-plasma-rico-en-plaquetas\/","og_locale":"en_US","og_type":"article","og_title":"Bioestimulaci\u00f3n o Plasma Rico en Plaquetas - Dr. Iv\u00e1n Pareja | Muestra tu verdadera belleza","og_description":"MEDICINA EST\u00c9TICA Toxina Botul\u00ednica Bioestimulaci\u00f3n o Plasma Thermage Rellenos Faciales La bioestimulaci\u00f3n con plasma busca la estimulaci\u00f3n biol\u00f3gica de las funciones anab\u00f3licas del fibroblasto, la c\u00e9lula fundamental que determina la estructura y la calidad de la piel. Esto es el aumento de col\u00e1geno tipo III, elastina y \u00e1cido hialur\u00f3nico. Esta c\u00e9lula se activa gracias a ... Read more","og_url":"https:\/\/ivanpareja.net\/en\/medicina-estetica\/bioestimulacion-o-plasma-rico-en-plaquetas\/","og_site_name":"Dr. Iv\u00e1n Pareja | Muestra tu verdadera belleza","article_modified_time":"2021-08-10T15:20:46+00:00","og_image":[{"url":"http:\/\/grecia.pe\/wp-content\/uploads\/2021\/08\/bg_4.jpg"}],"twitter_card":"summary_large_image","twitter_misc":{"Est. reading time":"1 minute"},"schema":{"@context":"https:\/\/schema.org","@graph":[{"@type":"WebSite","@id":"https:\/\/ivanpareja.net\/#website","url":"https:\/\/ivanpareja.net\/","name":"Dr. Iv\u00e1n Pareja | Muestra tu verdadera belleza","description":"","potentialAction":[{"@type":"SearchAction","target":{"@type":"EntryPoint","urlTemplate":"https:\/\/ivanpareja.net\/?s={search_term_string}"},"query-input":"required name=search_term_string"}],"inLanguage":"en-US"},{"@type":"ImageObject","@id":"https:\/\/ivanpareja.net\/medicina-estetica\/bioestimulacion-o-plasma-rico-en-plaquetas\/#primaryimage","inLanguage":"en-US","url":"http:\/\/grecia.pe\/wp-content\/uploads\/2021\/08\/bg_4.jpg","contentUrl":"http:\/\/grecia.pe\/wp-content\/uploads\/2021\/08\/bg_4.jpg"},{"@type":"WebPage","@id":"https:\/\/ivanpareja.net\/medicina-estetica\/bioestimulacion-o-plasma-rico-en-plaquetas\/#webpage","url":"https:\/\/ivanpareja.net\/medicina-estetica\/bioestimulacion-o-plasma-rico-en-plaquetas\/","name":"Bioestimulaci\u00f3n o Plasma Rico en Plaquetas - Dr. Iv\u00e1n Pareja | Muestra tu verdadera belleza","isPartOf":{"@id":"https:\/\/ivanpareja.net\/#website"},"primaryImageOfPage":{"@id":"https:\/\/ivanpareja.net\/medicina-estetica\/bioestimulacion-o-plasma-rico-en-plaquetas\/#primaryimage"},"datePublished":"2021-08-04T21:16:58+00:00","dateModified":"2021-08-10T15:20:46+00:00","breadcrumb":{"@id":"https:\/\/ivanpareja.net\/medicina-estetica\/bioestimulacion-o-plasma-rico-en-plaquetas\/#breadcrumb"},"inLanguage":"en-US","potentialAction":[{"@type":"ReadAction","target":["https:\/\/ivanpareja.net\/medicina-estetica\/bioestimulacion-o-plasma-rico-en-plaquetas\/"]}]},{"@type":"BreadcrumbList","@id":"https:\/\/ivanpareja.net\/medicina-estetica\/bioestimulacion-o-plasma-rico-en-plaquetas\/#breadcrumb","itemListElement":[{"@type":"ListItem","position":1,"name":"Home","item":"https:\/\/ivanpareja.net\/"},{"@type":"ListItem","position":2,"name":"MEDICINA EST\u00c9TICA","item":"https:\/\/ivanpareja.net\/medicina-estetica\/"},{"@type":"ListItem","position":3,"name":"Bioestimulaci\u00f3n o Plasma Rico en Plaquetas"}]}]}},"_links":{"self":[{"href":"https:\/\/ivanpareja.net\/en\/wp-json\/wp\/v2\/pages\/588"}],"collection":[{"href":"https:\/\/ivanpareja.net\/en\/wp-json\/wp\/v2\/pages"}],"about":[{"href":"https:\/\/ivanpareja.net\/en\/wp-json\/wp\/v2\/types\/page"}],"author":[{"embeddable":true,"href":"https:\/\/ivanpareja.net\/en\/wp-json\/wp\/v2\/users\/1"}],"replies":[{"embeddable":true,"href":"https:\/\/ivanpareja.net\/en\/wp-json\/wp\/v2\/comments?post=588"}],"version-history":[{"count":6,"href":"https:\/\/ivanpareja.net\/en\/wp-json\/wp\/v2\/pages\/588\/revisions"}],"predecessor-version":[{"id":1025,"href":"https:\/\/ivanpareja.net\/en\/wp-json\/wp\/v2\/pages\/588\/revisions\/1025"}],"up":[{"embeddable":true,"href":"https:\/\/ivanpareja.net\/en\/wp-json\/wp\/v2\/pages\/449"}],"wp:attachment":[{"href":"https:\/\/ivanpareja.net\/en\/wp-json\/wp\/v2\/media?parent=588"}],"curies":[{"name":"wp","href":"https:\/\/api.w.org\/{rel}","templated":true}]}}