{"id":686,"date":"2021-08-05T14:22:27","date_gmt":"2021-08-05T14:22:27","guid":{"rendered":"http:\/\/grecia.pe\/?page_id=686"},"modified":"2021-08-10T15:18:35","modified_gmt":"2021-08-10T15:18:35","slug":"lipoescultura","status":"publish","type":"page","link":"https:\/\/ivanpareja.net\/en\/cirugia-corporal\/lipoescultura\/","title":{"rendered":"Liposculpture"},"content":{"rendered":"<div data-elementor-type=\"wp-page\" data-elementor-id=\"686\" class=\"elementor elementor-686\" data-elementor-settings=\"[]\">\n\t\t\t\t\t\t\t<div class=\"elementor-section-wrap\">\n\t\t\t\t\t\t\t<section class=\"elementor-section elementor-top-section elementor-element elementor-element-796aa07 elementor-section-boxed elementor-section-height-default elementor-section-height-default\" data-id=\"796aa07\" data-element_type=\"section\" data-settings=\"{&quot;background_background&quot;:&quot;classic&quot;}\">\n\t\t\t\t\t\t<div class=\"elementor-container elementor-column-gap-default\">\n\t\t\t\t\t<div class=\"elementor-column elementor-col-100 elementor-top-column elementor-element elementor-element-9b934d3\" data-id=\"9b934d3\" data-element_type=\"column\">\n\t\t\t<div class=\"elementor-widget-wrap elementor-element-populated\">\n\t\t\t\t\t\t\t\t<div class=\"elementor-element elementor-element-3194ba2 elementor-absolute elementor-widget__width-auto elementor-hidden-tablet elementor-hidden-phone elementor-widget elementor-widget-heading\" data-id=\"3194ba2\" data-element_type=\"widget\" data-settings=\"{&quot;_position&quot;:&quot;absolute&quot;}\" data-widget_type=\"heading.default\">\n\t\t\t\t<div class=\"elementor-widget-container\">\n\t\t\t<h2 class=\"elementor-heading-title elementor-size-default\">BODY SURGERY<\/h2>\t\t<\/div>\n\t\t\t\t<\/div>\n\t\t\t\t<div class=\"elementor-element elementor-element-9b6a46f elementor-widget elementor-widget-image\" data-id=\"9b6a46f\" data-element_type=\"widget\" data-widget_type=\"image.default\">\n\t\t\t\t<div class=\"elementor-widget-container\">\n\t\t\t\t\t\t\t\t\t\t\t\t\t\t\t<img decoding=\"async\" src=\"http:\/\/grecia.pe\/wp-content\/uploads\/2021\/08\/bg_3.jpg\" title=\"\" alt=\"\" \/>\t\t\t\t\t\t\t\t\t\t\t\t\t\t\t<\/div>\n\t\t\t\t<\/div>\n\t\t\t\t\t<\/div>\n\t\t<\/div>\n\t\t\t\t\t\t\t<\/div>\n\t\t<\/section>\n\t\t\t\t<section class=\"elementor-section elementor-top-section elementor-element elementor-element-7fcb7af elementor-section-boxed elementor-section-height-default elementor-section-height-default\" data-id=\"7fcb7af\" data-element_type=\"section\">\n\t\t\t\t\t\t<div class=\"elementor-container elementor-column-gap-default\">\n\t\t\t\t\t<div class=\"elementor-column elementor-col-50 elementor-top-column elementor-element elementor-element-04e2e0b\" data-id=\"04e2e0b\" data-element_type=\"column\">\n\t\t\t<div class=\"elementor-widget-wrap\">\n\t\t\t\t\t\t\t\t\t<\/div>\n\t\t<\/div>\n\t\t\t\t<div class=\"elementor-column elementor-col-50 elementor-top-column elementor-element elementor-element-3f61828\" data-id=\"3f61828\" data-element_type=\"column\" data-settings=\"{&quot;background_background&quot;:&quot;classic&quot;}\">\n\t\t\t<div class=\"elementor-widget-wrap elementor-element-populated\">\n\t\t\t\t\t\t\t\t<div class=\"elementor-element elementor-element-3ed1220 elementor-widget elementor-widget-heading\" data-id=\"3ed1220\" data-element_type=\"widget\" data-widget_type=\"heading.default\">\n\t\t\t\t<div class=\"elementor-widget-container\">\n\t\t\t<h2 class=\"elementor-heading-title elementor-size-default\">Liposculpture<\/h2>\t\t<\/div>\n\t\t\t\t<\/div>\n\t\t\t\t\t<\/div>\n\t\t<\/div>\n\t\t\t\t\t\t\t<\/div>\n\t\t<\/section>\n\t\t\t\t<section class=\"elementor-section elementor-top-section elementor-element elementor-element-e16029c elementor-section-boxed elementor-section-height-default elementor-section-height-default\" data-id=\"e16029c\" data-element_type=\"section\">\n\t\t\t\t\t\t<div class=\"elementor-container elementor-column-gap-default\">\n\t\t\t\t\t<div class=\"elementor-column elementor-col-50 elementor-top-column elementor-element elementor-element-1b997f8\" data-id=\"1b997f8\" data-element_type=\"column\">\n\t\t\t<div class=\"elementor-widget-wrap elementor-element-populated\">\n\t\t\t\t\t\t\t\t<div class=\"elementor-element elementor-element-4f6e79d elementor-icon-list--layout-traditional elementor-list-item-link-full_width elementor-widget elementor-widget-global elementor-global-838 elementor-widget-icon-list\" data-id=\"4f6e79d\" data-element_type=\"widget\" data-widget_type=\"icon-list.default\">\n\t\t\t\t<div class=\"elementor-widget-container\">\n\t\t\t\t\t<ul class=\"elementor-icon-list-items\">\n\t\t\t\t\t\t\t<li class=\"elementor-icon-list-item\">\n\t\t\t\t\t<a href=\"https:\/\/ivanpareja.net\/en\/cirugia-corporal\/\">\t\t\t\t\t<span class=\"elementor-icon-list-text\">Breast implants<\/span>\n\t\t\t\t\t\t\t\t\t\t\t<\/a>\n\t\t\t\t\t\t\t\t\t<\/li>\n\t\t\t\t\t\t\t\t<li class=\"elementor-icon-list-item\">\n\t\t\t\t\t<a href=\"https:\/\/ivanpareja.net\/en\/cirugia-corporal\/mastopexia\/\">\t\t\t\t\t<span class=\"elementor-icon-list-text\">Mastopexia<\/span>\n\t\t\t\t\t\t\t\t\t\t\t<\/a>\n\t\t\t\t\t\t\t\t\t<\/li>\n\t\t\t\t\t\t\t\t<li class=\"elementor-icon-list-item\">\n\t\t\t\t\t<a href=\"https:\/\/ivanpareja.net\/en\/cirugia-corporal\/lipoescultura\/\">\t\t\t\t\t<span class=\"elementor-icon-list-text\">Liposculpture<\/span>\n\t\t\t\t\t\t\t\t\t\t\t<\/a>\n\t\t\t\t\t\t\t\t\t<\/li>\n\t\t\t\t\t\t\t\t<li class=\"elementor-icon-list-item\">\n\t\t\t\t\t<a href=\"https:\/\/ivanpareja.net\/en\/cirugia-corporal\/abdominoplastia-o-dermolipectomia\/\">\t\t\t\t\t<span class=\"elementor-icon-list-text\">Adominoplastia or Dermolipectomy<\/span>\n\t\t\t\t\t\t\t\t\t\t\t<\/a>\n\t\t\t\t\t\t\t\t\t<\/li>\n\t\t\t\t\t\t\t\t<li class=\"elementor-icon-list-item\">\n\t\t\t\t\t<a href=\"https:\/\/ivanpareja.net\/en\/cirugia-corporal\/implantes-gluteos\/\">\t\t\t\t\t<span class=\"elementor-icon-list-text\">Buttock implants<\/span>\n\t\t\t\t\t\t\t\t\t\t\t<\/a>\n\t\t\t\t\t\t\t\t\t<\/li>\n\t\t\t\t\t\t\t\t<li class=\"elementor-icon-list-item\">\n\t\t\t\t\t<a href=\"https:\/\/ivanpareja.net\/en\/cirugia-corporal\/implantes-de-pantorrillas\/\">\t\t\t\t\t<span class=\"elementor-icon-list-text\">Calves implants<\/span>\n\t\t\t\t\t\t\t\t\t\t\t<\/a>\n\t\t\t\t\t\t\t\t\t<\/li>\n\t\t\t\t\t\t\t\t<li class=\"elementor-icon-list-item\">\n\t\t\t\t\t<a href=\"https:\/\/ivanpareja.net\/en\/cirugia-corporal\/implantes-de-pectorales\/\">\t\t\t\t\t<span class=\"elementor-icon-list-text\">Pectoral implants<\/span>\n\t\t\t\t\t\t\t\t\t\t\t<\/a>\n\t\t\t\t\t\t\t\t\t<\/li>\n\t\t\t\t\t\t\t\t<li class=\"elementor-icon-list-item\">\n\t\t\t\t\t<a href=\"https:\/\/ivanpareja.net\/en\/cirugia-corporal\/ginecomastia\/\">\t\t\t\t\t<span class=\"elementor-icon-list-text\">Gynecomastia<\/span>\n\t\t\t\t\t\t\t\t\t\t\t<\/a>\n\t\t\t\t\t\t\t\t\t<\/li>\n\t\t\t\t\t\t<\/ul>\n\t\t\t\t<\/div>\n\t\t\t\t<\/div>\n\t\t\t\t\t<\/div>\n\t\t<\/div>\n\t\t\t\t<div class=\"elementor-column elementor-col-50 elementor-top-column elementor-element elementor-element-f0061a1\" data-id=\"f0061a1\" data-element_type=\"column\">\n\t\t\t<div class=\"elementor-widget-wrap elementor-element-populated\">\n\t\t\t\t\t\t\t\t<div class=\"elementor-element elementor-element-fbce222 elementor-widget elementor-widget-html\" data-id=\"fbce222\" data-element_type=\"widget\" data-widget_type=\"html.default\">\n\t\t\t\t<div class=\"elementor-widget-container\">\n\t\t\t<div id=\"content-titulo-texto-4\">\r\n\r\n\r\n          <p><br>\r\n            It is a modern surgical technique that consists of extracting fat, through small incisions in the skin, through a blunt cannula with holes at its end, and connected to a syringe that generates the vacuum necessary to suck or suck the adipose tissue.\r\n<br><br>\r\nLiposuction can be performed on virtually all parts of the body, from the face to the legs and arms, as an isolated intervention or as a complement to other surgeries.<br>\r\n<br>\r\n<span class=\"titulo-texto-2\">Laser liposculpture:\r\n<\/span><br>\r\n A beam of light produces the rupture of the cell membrane and the release of fatty material by the adipocyte facilitating its aspiration.\r\n <br>\r\n <br>\r\n <span class=\"titulo-texto-2\">Vaser liposculpture\r\n<\/span><br>\r\n Advanced ultrasound technology that allows to decompose the fat preserving other important tissues (nerves, blood vessels and connective tissue). This allows the body to be sculpted smoothly with a quick recovery. <br>\r\n <br>\r\n <br>\r\n<br>\r\n\r\n<br>\r\n          <\/p>\r\n<\/div>\t\t<\/div>\n\t\t\t\t<\/div>\n\t\t\t\t\t<\/div>\n\t\t<\/div>\n\t\t\t\t\t\t\t<\/div>\n\t\t<\/section>\n\t\t\t\t\t\t<\/div>\n\t\t\t\t\t<\/div>","protected":false},"excerpt":{"rendered":"<p>CIRUG\u00cdA CORPORAL Implante de Mamas Mastopexia Lipoescultura Abdominoplast\u00eda o Dermolipectom\u00eda Implantes de Pantorrillas Implantes de Pectorales Ginecomastia Es una moderna t\u00e9cnica quir\u00fargica que consiste en extraer grasa, a trav\u00e9s de peque\u00f1as incisiones en la piel, mediante una c\u00e1nula de punta roma con orificios en su extremo, y conectada a una jeringa con la que se &#8230; <a title=\"Liposculpture\" class=\"read-more\" href=\"https:\/\/ivanpareja.net\/en\/cirugia-corporal\/lipoescultura\/\" aria-label=\"More on Lipoescultura\">Read more<\/a><\/p>","protected":false},"author":1,"featured_media":0,"parent":439,"menu_order":0,"comment_status":"closed","ping_status":"closed","template":"elementor_header_footer","meta":[],"yoast_head":"<!-- This site is optimized with the Yoast SEO plugin v16.9 - https:\/\/yoast.com\/wordpress\/plugins\/seo\/ -->\n<title>Lipoescultura - Dr. Iv\u00e1n Pareja | Muestra tu verdadera belleza<\/title>\n<meta name=\"robots\" content=\"index, follow, max-snippet:-1, max-image-preview:large, max-video-preview:-1\" \/>\n<link rel=\"canonical\" href=\"https:\/\/ivanpareja.net\/en\/cirugia-corporal\/lipoescultura\/\" \/>\n<meta property=\"og:locale\" content=\"en_US\" \/>\n<meta property=\"og:type\" content=\"article\" \/>\n<meta property=\"og:title\" content=\"Lipoescultura - Dr. Iv\u00e1n Pareja | Muestra tu verdadera belleza\" \/>\n<meta property=\"og:description\" content=\"CIRUG\u00cdA CORPORAL Implante de Mamas Mastopexia Lipoescultura Abdominoplast\u00eda o Dermolipectom\u00eda Implantes de Pantorrillas Implantes de Pectorales Ginecomastia Es una moderna t\u00e9cnica quir\u00fargica que consiste en extraer grasa, a trav\u00e9s de peque\u00f1as incisiones en la piel, mediante una c\u00e1nula de punta roma con orificios en su extremo, y conectada a una jeringa con la que se ... Read more\" \/>\n<meta property=\"og:url\" content=\"https:\/\/ivanpareja.net\/en\/cirugia-corporal\/lipoescultura\/\" \/>\n<meta property=\"og:site_name\" content=\"Dr. Iv\u00e1n Pareja | Muestra tu verdadera belleza\" \/>\n<meta property=\"article:modified_time\" content=\"2021-08-10T15:18:35+00:00\" \/>\n<meta property=\"og:image\" content=\"http:\/\/grecia.pe\/wp-content\/uploads\/2021\/08\/bg_3.jpg\" \/>\n<meta name=\"twitter:card\" content=\"summary_large_image\" \/>\n<meta name=\"twitter:label1\" content=\"Est. reading time\" \/>\n\t<meta name=\"twitter:data1\" content=\"1 minute\" \/>\n<script type=\"application\/ld+json\" class=\"yoast-schema-graph\">{\"@context\":\"https:\/\/schema.org\",\"@graph\":[{\"@type\":\"WebSite\",\"@id\":\"https:\/\/ivanpareja.net\/#website\",\"url\":\"https:\/\/ivanpareja.net\/\",\"name\":\"Dr. Iv\\u00e1n Pareja | Muestra tu verdadera belleza\",\"description\":\"\",\"potentialAction\":[{\"@type\":\"SearchAction\",\"target\":{\"@type\":\"EntryPoint\",\"urlTemplate\":\"https:\/\/ivanpareja.net\/?s={search_term_string}\"},\"query-input\":\"required name=search_term_string\"}],\"inLanguage\":\"en-US\"},{\"@type\":\"ImageObject\",\"@id\":\"https:\/\/ivanpareja.net\/cirugia-corporal\/lipoescultura\/#primaryimage\",\"inLanguage\":\"en-US\",\"url\":\"http:\/\/grecia.pe\/wp-content\/uploads\/2021\/08\/bg_3.jpg\",\"contentUrl\":\"http:\/\/grecia.pe\/wp-content\/uploads\/2021\/08\/bg_3.jpg\"},{\"@type\":\"WebPage\",\"@id\":\"https:\/\/ivanpareja.net\/cirugia-corporal\/lipoescultura\/#webpage\",\"url\":\"https:\/\/ivanpareja.net\/cirugia-corporal\/lipoescultura\/\",\"name\":\"Lipoescultura - Dr. Iv\\u00e1n Pareja | Muestra tu verdadera belleza\",\"isPartOf\":{\"@id\":\"https:\/\/ivanpareja.net\/#website\"},\"primaryImageOfPage\":{\"@id\":\"https:\/\/ivanpareja.net\/cirugia-corporal\/lipoescultura\/#primaryimage\"},\"datePublished\":\"2021-08-05T14:22:27+00:00\",\"dateModified\":\"2021-08-10T15:18:35+00:00\",\"breadcrumb\":{\"@id\":\"https:\/\/ivanpareja.net\/cirugia-corporal\/lipoescultura\/#breadcrumb\"},\"inLanguage\":\"en-US\",\"potentialAction\":[{\"@type\":\"ReadAction\",\"target\":[\"https:\/\/ivanpareja.net\/cirugia-corporal\/lipoescultura\/\"]}]},{\"@type\":\"BreadcrumbList\",\"@id\":\"https:\/\/ivanpareja.net\/cirugia-corporal\/lipoescultura\/#breadcrumb\",\"itemListElement\":[{\"@type\":\"ListItem\",\"position\":1,\"name\":\"Home\",\"item\":\"https:\/\/ivanpareja.net\/\"},{\"@type\":\"ListItem\",\"position\":2,\"name\":\"CIRUG\\u00cdA CORPORAL\",\"item\":\"https:\/\/ivanpareja.net\/cirugia-corporal\/\"},{\"@type\":\"ListItem\",\"position\":3,\"name\":\"Lipoescultura\"}]}]}<\/script>\n<!-- \/ Yoast SEO plugin. -->","yoast_head_json":{"title":"Lipoescultura - Dr. Iv\u00e1n Pareja | Muestra tu verdadera belleza","robots":{"index":"index","follow":"follow","max-snippet":"max-snippet:-1","max-image-preview":"max-image-preview:large","max-video-preview":"max-video-preview:-1"},"canonical":"https:\/\/ivanpareja.net\/en\/cirugia-corporal\/lipoescultura\/","og_locale":"en_US","og_type":"article","og_title":"Lipoescultura - Dr. Iv\u00e1n Pareja | Muestra tu verdadera belleza","og_description":"CIRUG\u00cdA CORPORAL Implante de Mamas Mastopexia Lipoescultura Abdominoplast\u00eda o Dermolipectom\u00eda Implantes de Pantorrillas Implantes de Pectorales Ginecomastia Es una moderna t\u00e9cnica quir\u00fargica que consiste en extraer grasa, a trav\u00e9s de peque\u00f1as incisiones en la piel, mediante una c\u00e1nula de punta roma con orificios en su extremo, y conectada a una jeringa con la que se ... Read more","og_url":"https:\/\/ivanpareja.net\/en\/cirugia-corporal\/lipoescultura\/","og_site_name":"Dr. Iv\u00e1n Pareja | Muestra tu verdadera belleza","article_modified_time":"2021-08-10T15:18:35+00:00","og_image":[{"url":"http:\/\/grecia.pe\/wp-content\/uploads\/2021\/08\/bg_3.jpg"}],"twitter_card":"summary_large_image","twitter_misc":{"Est. reading time":"1 minute"},"schema":{"@context":"https:\/\/schema.org","@graph":[{"@type":"WebSite","@id":"https:\/\/ivanpareja.net\/#website","url":"https:\/\/ivanpareja.net\/","name":"Dr. Iv\u00e1n Pareja | Muestra tu verdadera belleza","description":"","potentialAction":[{"@type":"SearchAction","target":{"@type":"EntryPoint","urlTemplate":"https:\/\/ivanpareja.net\/?s={search_term_string}"},"query-input":"required name=search_term_string"}],"inLanguage":"en-US"},{"@type":"ImageObject","@id":"https:\/\/ivanpareja.net\/cirugia-corporal\/lipoescultura\/#primaryimage","inLanguage":"en-US","url":"http:\/\/grecia.pe\/wp-content\/uploads\/2021\/08\/bg_3.jpg","contentUrl":"http:\/\/grecia.pe\/wp-content\/uploads\/2021\/08\/bg_3.jpg"},{"@type":"WebPage","@id":"https:\/\/ivanpareja.net\/cirugia-corporal\/lipoescultura\/#webpage","url":"https:\/\/ivanpareja.net\/cirugia-corporal\/lipoescultura\/","name":"Lipoescultura - Dr. Iv\u00e1n Pareja | Muestra tu verdadera belleza","isPartOf":{"@id":"https:\/\/ivanpareja.net\/#website"},"primaryImageOfPage":{"@id":"https:\/\/ivanpareja.net\/cirugia-corporal\/lipoescultura\/#primaryimage"},"datePublished":"2021-08-05T14:22:27+00:00","dateModified":"2021-08-10T15:18:35+00:00","breadcrumb":{"@id":"https:\/\/ivanpareja.net\/cirugia-corporal\/lipoescultura\/#breadcrumb"},"inLanguage":"en-US","potentialAction":[{"@type":"ReadAction","target":["https:\/\/ivanpareja.net\/cirugia-corporal\/lipoescultura\/"]}]},{"@type":"BreadcrumbList","@id":"https:\/\/ivanpareja.net\/cirugia-corporal\/lipoescultura\/#breadcrumb","itemListElement":[{"@type":"ListItem","position":1,"name":"Home","item":"https:\/\/ivanpareja.net\/"},{"@type":"ListItem","position":2,"name":"CIRUG\u00cdA CORPORAL","item":"https:\/\/ivanpareja.net\/cirugia-corporal\/"},{"@type":"ListItem","position":3,"name":"Lipoescultura"}]}]}},"_links":{"self":[{"href":"https:\/\/ivanpareja.net\/en\/wp-json\/wp\/v2\/pages\/686"}],"collection":[{"href":"https:\/\/ivanpareja.net\/en\/wp-json\/wp\/v2\/pages"}],"about":[{"href":"https:\/\/ivanpareja.net\/en\/wp-json\/wp\/v2\/types\/page"}],"author":[{"embeddable":true,"href":"https:\/\/ivanpareja.net\/en\/wp-json\/wp\/v2\/users\/1"}],"replies":[{"embeddable":true,"href":"https:\/\/ivanpareja.net\/en\/wp-json\/wp\/v2\/comments?post=686"}],"version-history":[{"count":9,"href":"https:\/\/ivanpareja.net\/en\/wp-json\/wp\/v2\/pages\/686\/revisions"}],"predecessor-version":[{"id":1016,"href":"https:\/\/ivanpareja.net\/en\/wp-json\/wp\/v2\/pages\/686\/revisions\/1016"}],"up":[{"embeddable":true,"href":"https:\/\/ivanpareja.net\/en\/wp-json\/wp\/v2\/pages\/439"}],"wp:attachment":[{"href":"https:\/\/ivanpareja.net\/en\/wp-json\/wp\/v2\/media?parent=686"}],"curies":[{"name":"wp","href":"https:\/\/api.w.org\/{rel}","templated":true}]}}